{"id":5781,"date":"2016-10-12T15:42:43","date_gmt":"2016-10-12T19:42:43","guid":{"rendered":"http:\/\/127.0.0.1\/wordivi\/?page_id=5781"},"modified":"2023-09-11T08:49:44","modified_gmt":"2023-09-11T12:49:44","slug":"normativas","status":"publish","type":"page","link":"https:\/\/miderec.gob.do\/transparencia\/?page_id=5781","title":{"rendered":"NORMATIVAS"},"content":{"rendered":"<p>[et_pb_section fb_built=&#8221;1&#8243; use_custom_gutter=&#8221;on&#8221; gutter_width=&#8221;1&#8243; specialty=&#8221;on&#8221; custom_padding_last_edited=&#8221;on|desktop&#8221; parallax_method_1=&#8221;off&#8221; parallax_method_2=&#8221;off&#8221; background_color_1=&#8221;rgba(193,193,193,0)&#8221; padding_right_1=&#8221;50px&#8221; padding_left_2=&#8221;50px&#8221; admin_label=&#8221;section&#8221; _builder_version=&#8221;4.16&#8243; background_color=&#8221;#ffffff&#8221; custom_padding=&#8221;||50px|&#8221; custom_padding_tablet=&#8221;50px|0|50px|0&#8243; custom_padding_phone=&#8221;&#8221; transparent_background=&#8221;off&#8221; padding_mobile=&#8221;off&#8221; make_fullwidth=&#8221;off&#8221; use_custom_width=&#8221;off&#8221; width_unit=&#8221;on&#8221; global_colors_info=&#8221;{}&#8221;][et_pb_column type=&#8221;1_4&#8243; _builder_version=&#8221;4.16&#8243; custom_padding=&#8221;|||&#8221; global_colors_info=&#8221;{}&#8221; custom_padding__hover=&#8221;|||&#8221;][et_pb_menu _builder_version=&#8221;4.22.1&#8243; _module_preset=&#8221;default&#8221; hover_enabled=&#8221;0&#8243; global_colors_info=&#8221;{}&#8221; sticky_enabled=&#8221;0&#8243; disabled_on=&#8221;on|on|off&#8221;][\/et_pb_menu][\/et_pb_column][et_pb_column type=&#8221;3_4&#8243; specialty_columns=&#8221;3&#8243; _builder_version=&#8221;4.16&#8243; custom_padding=&#8221;|||&#8221; global_colors_info=&#8221;{}&#8221; custom_padding__hover=&#8221;|||&#8221;][et_pb_row_inner padding_mobile=&#8221;off&#8221; column_padding_mobile=&#8221;on&#8221; _builder_version=&#8221;4.16&#8243; custom_padding=&#8221;50px|||&#8221; global_colors_info=&#8221;{}&#8221;][et_pb_column_inner saved_specialty_column_type=&#8221;3_4&#8243; _builder_version=&#8221;4.16&#8243; custom_padding=&#8221;|||&#8221; global_colors_info=&#8221;{}&#8221; custom_padding__hover=&#8221;|||&#8221;][et_pb_text _builder_version=&#8221;4.16&#8243; background_size=&#8221;initial&#8221; background_position=&#8221;top_left&#8221; background_repeat=&#8221;repeat&#8221; use_border_color=&#8221;off&#8221; border_color=&#8221;#ffffff&#8221; border_style=&#8221;solid&#8221; global_colors_info=&#8221;{}&#8221;]<\/p>\n<ul class=\"breadcrumb-migas\">\n<li class=\"active\"><span style=\"color: #000000;\"><span style=\"font-family: verdana, geneva, sans-serif;\">Est\u00e1 aqu\u00ed: <\/span><span style=\"font-family: verdana, geneva, sans-serif;\"><a style=\"color: #000000;\" href=\"https:\/\/miderec.gob.do\/transparencia\/\" rel=\"nofollow\">Inicio<\/a><\/span><span style=\"font-family: verdana, geneva, sans-serif;\">\u00a0<\/span><span style=\"font-family: verdana, geneva, sans-serif;\"><span class=\"divider\">\/ <a style=\"color: #000000;\" href=\"https:\/\/miderec.gob.do\/transparencia\/index.php\/normativas\/\">Derechos de los Ciudadanos<\/a><\/span><\/span><\/span><\/li>\n<\/ul>\n<p style=\"text-align: center;\">[\/et_pb_text][et_pb_text _builder_version=&#8221;4.16&#8243; text_line_height=&#8221;1.8em&#8221; background_size=&#8221;initial&#8221; background_position=&#8221;top_left&#8221; background_repeat=&#8221;repeat&#8221; text_orientation=&#8221;justified&#8221; custom_margin=&#8221;20px||&#8221; custom_padding=&#8221;||32px&#8221; border_width_top=&#8221;1px&#8221; border_style_top=&#8221;dotted&#8221; border_width_bottom=&#8221;1px&#8221; border_style_bottom=&#8221;dotted&#8221; border_style=&#8221;solid&#8221; global_colors_info=&#8221;{}&#8221;]<\/p>\n<h3 style=\"text-align: left;\"><div class=\"printfriendly pf-button  pf-alignleft\">\n                    <a href=\"https:\/\/miderec.gob.do\/transparencia\/?page_id=5781&#038;pfstyle=wp\" rel=\"nofollow\" onclick=\"\" title=\"Printer Friendly, PDF & Email\">\n                    <img decoding=\"async\" class=\"pf-button-img\" src=\"https:\/\/cdn.printfriendly.com\/buttons\/printfriendly-pdf-email-button-notext.png\" alt=\"Print Friendly, PDF & Email\" style=\"width: 110px;height: 30px;\"  \/>\n                    <\/a>\n                <\/div><\/h3>\n<p>[\/et_pb_text][et_pb_text _builder_version=&#8221;4.16&#8243; text_line_height=&#8221;1.8em&#8221; global_colors_info=&#8221;{}&#8221;]<\/p>\n<div class=\"page-header\">\n<h1 style=\"text-align: left;\"><span style=\"font-family: verdana, geneva, sans-serif; color: #000000; font-size: 14pt;\"><strong><span style=\"font-size: 14pt;\">DERECHOS DE LOS CIUDADANOS A LA INFORMACI\u00d3N P\u00daBLICA<\/span><\/strong><\/span><\/h1>\n<hr \/>\n<table>\n<tbody>\n<tr>\n<td>\n<div class=\"page-header\">\n<p style=\"text-align: justify;\"><span style=\"color: #000000;\"><strong>Derechos al Libre Acceso a la Informaci\u00f3n P\u00fablica (Ley 200-04)<\/strong><\/span><\/p>\n<p style=\"text-align: justify;\">\n<\/div>\n<p style=\"text-align: justify;\"><span style=\"color: #000000;\"><strong>Todo ciudadano(a) tiene derecho a:<\/strong><\/span><\/p>\n<ul>\n<li><span style=\"color: #000000;\"><strong>SOLICITAR<\/strong> informaci\u00f3n de cualquier \u00f3rgano del Estado Dominicano y de todas las sociedades an\u00f3nimas, compa\u00f1\u00edas an\u00f3nimas o compa\u00f1\u00edas por acciones con participaci\u00f3n estatal.<\/span><\/li>\n<li><span style=\"color: #000000;\"><strong>RECIBIR<\/strong> informaci\u00f3n completa, veraz, adecuada y oportuna de cualquier \u00f3rgano del Estado Dominicano y de todas las sociedades an\u00f3nimas, compa\u00f1\u00edas an\u00f3nimas o compa\u00f1\u00edas por acciones con participaci\u00f3n estatal.<\/span><\/li>\n<li><span style=\"color: #000000;\"><strong>ACCESO<\/strong> gratuito a la informaci\u00f3n en tanto que no requiera reproducci\u00f3n de la misma.<\/span><\/li>\n<li><span style=\"color: #000000;\"><strong>SOLICITAR, RECIBIR y DIFUNDIR<\/strong> informaciones pertenecientes a la administraci\u00f3n del Estado.<\/span><\/li>\n<li><span style=\"color: #000000;\"><strong>CONOCER<\/strong> los proyectos de reglamentos y otras disposiciones de car\u00e1cter general que rigen las relaciones entre los particulares y la administraci\u00f3n.<\/span><\/li>\n<li><span style=\"color: #000000;\"><strong>OBTENER<\/strong> informaci\u00f3n sobre los servicios que ofrece el Estado, requisitos costos.<\/span><\/li>\n<li><span style=\"color: #000000;\">\u00a0<strong>SABER<\/strong> la estructura, integrantes, normativas de funcionamiento, proyectos, informes de gesti\u00f3n, y bases de datos de la administraci\u00f3n p\u00fablica.<\/span><\/li>\n<li><span style=\"color: #000000;\"><strong>CONOCER<\/strong> sobre los presupuestos y c\u00e1lculos de recursos y gastos aprobados, su evoluci\u00f3n y estado de ejecuci\u00f3n.<\/span><\/li>\n<li><span style=\"color: #000000;\"><strong>TENER<\/strong> informaci\u00f3n sobre los programas y proyectos, sus presupuestos, plazos, ejecuci\u00f3n y supervisi\u00f3n.<\/span><\/li>\n<li><span style=\"color: #000000;\"><strong>ESTAR AL TANTO<\/strong> sobre las licitaciones, concursos, compras, gastos y resultados.<\/span><\/li>\n<li><span style=\"color: #000000;\"><strong>ACCEDER<\/strong> a la n\u00f3mina del Estado y sus remuneraciones.<\/span><\/li>\n<li><span style=\"color: #000000;\"><strong>CONOCER<\/strong> la declaraci\u00f3n jurada patrimonial de los funcionarios del Estado cuando su presentaci\u00f3n corresponda por ley.<\/span><\/li>\n<li><span style=\"color: #000000;\"><strong>RECIBIR<\/strong> informaci\u00f3n sobre el listado de beneficiarios de programas asistenciales, subsidios, becas, jubilaciones, pensiones y retiros.<\/span><\/li>\n<li><span style=\"color: #000000;\"><strong>SABER<\/strong> sobre el estado de cuentas de la deuda p\u00fablica, sus vencimientos y pagos.<\/span><\/li>\n<li><span style=\"color: #000000;\"><strong>BUSCAR<\/strong> las leyes, decretos, resoluciones, disposiciones, marcos regulatorios y cualquier tipo de normativa.<\/span><\/li>\n<li><span style=\"color: #000000;\"><strong>SOLICITAR Y RECIBIR<\/strong> oportunamente cualquier tipo de documentaci\u00f3n financiera relativa al presupuesto p\u00fablico.<\/span><\/li>\n<\/ul>\n<p style=\"text-align: justify;\"><span style=\"color: #000000;\">En cumplimiento a la Ley 200-04 y el Decreto 130-05, el acceso a la informaci\u00f3n se har\u00e1 efectivo siempre y cuando no afecte la seguridad nacional, el orden p\u00fablico, la salud o la moral p\u00fablica o el derecho a la privacidad e intimidad de un tercero o el derecho a la reputaci\u00f3n de los dem\u00e1s.<\/span><\/p>\n<p><span style=\"color: #000000;\">\u00a0<\/span><\/td>\n<\/tr>\n<\/tbody>\n<\/table>\n<\/div>\n<p style=\"text-align: center;\">[\/et_pb_text][\/et_pb_column_inner][\/et_pb_row_inner][\/et_pb_column][\/et_pb_section]<\/p>\n","protected":false},"excerpt":{"rendered":"<p>Est\u00e1 aqu\u00ed: Inicio\u00a0\/ Derechos de los Ciudadanos <div class=\"printfriendly pf-button  pf-alignleft\">\n                    <a href=\"https:\/\/miderec.gob.do\/transparencia\/?page_id=5781&#038;pfstyle=wp\" rel=\"nofollow\" onclick=\"\" title=\"Printer Friendly, PDF & Email\">\n                    <img decoding=\"async\" class=\"pf-button-img\" src=\"https:\/\/cdn.printfriendly.com\/buttons\/printfriendly-pdf-email-button-notext.png\" alt=\"Print Friendly, PDF & Email\" style=\"width: 110px;height: 30px;\"  \/>\n                    <\/a>\n                <\/div> DERECHOS DE LOS CIUDADANOS A LA INFORMACI\u00d3N P\u00daBLICA Derechos al Libre Acceso a la Informaci\u00f3n P\u00fablica (Ley 200-04) Todo ciudadano(a) tiene derecho a: SOLICITAR informaci\u00f3n de cualquier \u00f3rgano del Estado Dominicano y de todas las sociedades an\u00f3nimas, compa\u00f1\u00edas an\u00f3nimas o compa\u00f1\u00edas por acciones con participaci\u00f3n estatal. RECIBIR [&hellip;]<\/p>\n","protected":false},"author":1,"featured_media":0,"parent":0,"menu_order":0,"comment_status":"closed","ping_status":"closed","template":"","meta":{"_et_pb_use_builder":"on","_et_pb_old_content":"","_et_gb_content_width":"","_monsterinsights_skip_tracking":false,"_monsterinsights_sitenote_active":false,"_monsterinsights_sitenote_note":"","_monsterinsights_sitenote_category":0,"footnotes":""},"class_list":["post-5781","page","type-page","status-publish","hentry"],"_links":{"self":[{"href":"https:\/\/miderec.gob.do\/transparencia\/index.php?rest_route=\/wp\/v2\/pages\/5781","targetHints":{"allow":["GET"]}}],"collection":[{"href":"https:\/\/miderec.gob.do\/transparencia\/index.php?rest_route=\/wp\/v2\/pages"}],"about":[{"href":"https:\/\/miderec.gob.do\/transparencia\/index.php?rest_route=\/wp\/v2\/types\/page"}],"author":[{"embeddable":true,"href":"https:\/\/miderec.gob.do\/transparencia\/index.php?rest_route=\/wp\/v2\/users\/1"}],"replies":[{"embeddable":true,"href":"https:\/\/miderec.gob.do\/transparencia\/index.php?rest_route=%2Fwp%2Fv2%2Fcomments&post=5781"}],"version-history":[{"count":5,"href":"https:\/\/miderec.gob.do\/transparencia\/index.php?rest_route=\/wp\/v2\/pages\/5781\/revisions"}],"predecessor-version":[{"id":26574,"href":"https:\/\/miderec.gob.do\/transparencia\/index.php?rest_route=\/wp\/v2\/pages\/5781\/revisions\/26574"}],"wp:attachment":[{"href":"https:\/\/miderec.gob.do\/transparencia\/index.php?rest_route=%2Fwp%2Fv2%2Fmedia&parent=5781"}],"curies":[{"name":"wp","href":"https:\/\/api.w.org\/{rel}","templated":true}]}}