{"id":5408,"date":"2016-10-06T18:28:15","date_gmt":"2016-10-06T22:28:15","guid":{"rendered":"http:\/\/127.0.0.1\/wordivi\/?page_id=5408"},"modified":"2026-01-14T10:58:34","modified_gmt":"2026-01-14T14:58:34","slug":"transparencia","status":"publish","type":"page","link":"https:\/\/miderec.gob.do\/transparencia\/","title":{"rendered":"TRANSPARENCIA"},"content":{"rendered":"<p>[et_pb_section fb_built=&#8221;1&#8243; use_custom_gutter=&#8221;on&#8221; gutter_width=&#8221;1&#8243; specialty=&#8221;on&#8221; custom_padding_last_edited=&#8221;on|desktop&#8221; parallax_method_1=&#8221;off&#8221; parallax_method_2=&#8221;off&#8221; background_color_1=&#8221;rgba(193,193,193,0)&#8221; padding_right_1=&#8221;50px&#8221; admin_label=&#8221;section&#8221; _builder_version=&#8221;4.16&#8243; background_color=&#8221;#ffffff&#8221; custom_margin=&#8221;||||false|false&#8221; custom_padding=&#8221;||50px|&#8221; custom_padding_tablet=&#8221;50px|0|50px|0&#8243; custom_padding_phone=&#8221;&#8221; transparent_background=&#8221;off&#8221; padding_mobile=&#8221;off&#8221; make_fullwidth=&#8221;off&#8221; use_custom_width=&#8221;off&#8221; width_unit=&#8221;on&#8221; global_colors_info=&#8221;{}&#8221;][et_pb_column type=&#8221;1_4&#8243; _builder_version=&#8221;4.16&#8243; global_colors_info=&#8221;{}&#8221; custom_padding__hover=&#8221;|||&#8221;][et_pb_menu disabled_on=&#8221;on|on|off&#8221; _builder_version=&#8221;4.22.1&#8243; _module_preset=&#8221;default&#8221; overflow-x=&#8221;visible&#8221; overflow-y=&#8221;visible&#8221; global_colors_info=&#8221;{}&#8221;][\/et_pb_menu][\/et_pb_column][et_pb_column type=&#8221;3_4&#8243; specialty_columns=&#8221;3&#8243; _builder_version=&#8221;4.16&#8243; global_colors_info=&#8221;{}&#8221; custom_padding__hover=&#8221;|||&#8221;][et_pb_row_inner column_padding_mobile=&#8221;on&#8221; custom_padding_last_edited=&#8221;on|phone&#8221; _builder_version=&#8221;4.16&#8243; background_enable_image=&#8221;off&#8221; custom_margin_tablet=&#8221;&#8221; custom_margin_phone=&#8221;||||false|false&#8221; custom_margin_last_edited=&#8221;on|phone&#8221; custom_padding=&#8221;8px||||false|false&#8221; custom_padding_tablet=&#8221;&#8221; custom_padding_phone=&#8221;0px||0px||false|false&#8221; z_index_tablet=&#8221;500&#8243; custom_css_main_element=&#8221;z-index:1;&#8221; border_radii=&#8221;on|8px|8px|8px|8px&#8221; box_shadow_style=&#8221;preset1&#8243; global_colors_info=&#8221;{}&#8221;][et_pb_column_inner saved_specialty_column_type=&#8221;3_4&#8243; _builder_version=&#8221;4.16&#8243; global_colors_info=&#8221;{}&#8221; custom_padding__hover=&#8221;|||&#8221;][et_pb_image src=&#8221;http:\/\/miderec.gob.do\/transparencia\/wp-content\/uploads\/2023\/08\/ImagenTransparencia1-2.png&#8221; title_text=&#8221;ImagenTransparencia1&#8243; force_fullwidth=&#8221;on&#8221; admin_label=&#8221;Imagen&#8221; _builder_version=&#8221;4.16&#8243; z_index_tablet=&#8221;500&#8243; custom_css_main_element=&#8221;z-index: -1;&#8221; global_colors_info=&#8221;{}&#8221;][\/et_pb_image][et_pb_text _builder_version=&#8221;4.22.1&#8243; text_font=&#8221;||||||||&#8221; text_text_color=&#8221;#000000&#8243; text_font_size=&#8221;15px&#8221; text_orientation=&#8221;justified&#8221; min_height=&#8221;287.4px&#8221; custom_margin=&#8221;18px||43px|||&#8221; custom_padding=&#8221;|18px|14px|17px||&#8221; global_colors_info=&#8221;{}&#8221;]<\/p>\n<h2 id=\"bienvenida\" tabindex=\"0\" style=\"text-align: justify;\"><span style=\"text-decoration: underline;\"><span style=\"color: #000000;\"><strong>Bienvenidos al Portal de Transparencia del Ministerio de Deportes y Recreaci\u00f3n <\/strong><\/span><\/span><\/h2>\n<h2 tabindex=\"0\" style=\"text-align: justify;\"><span style=\"text-decoration: underline;\"><span style=\"color: #000000;\"><strong>(MIDEREC).<\/strong><\/span><\/span><\/h2>\n<p>&nbsp;<\/p>\n<p tabindex=\"0\" style=\"text-align: justify;\"><span style=\"color: #000000;\">En este portal interactivo hacemos disponible todo lo requerido en la Ley General de Libre Acceso a la Informaci\u00f3n P\u00fablica\u00a0 Ley 200-04 y el\u00a0 Decreto No. 130-05 que crea el reglamento de la ley.\u00a0\u00a0<\/span><\/p>\n<p>&nbsp;<\/p>\n<p tabindex=\"0\" style=\"text-align: justify;\"><span style=\"color: #000000;\"> <strong><em>Art\u00edculo 5<\/em>.-<\/strong>\u00a0&#8220;Se dispone la informatizaci\u00f3n y la incorporaci\u00f3n al sistema de comunicaci\u00f3n por Internet, o a cualquier otro sistema similar que en el futuro se establezca, de todos los organismos p\u00fablicos centralizados y descentralizados del Estado, incluyendo el Distrito Nacional y los Municipios, con la finalidad de garantizar a trav\u00e9s de \u00e9ste un acceso directo del p\u00fablico a la informaci\u00f3n del Estado.&#8221;<\/span><\/p>\n<p tabindex=\"0\" style=\"text-align: justify;\"><span style=\"color: #000000;\"><\/span><\/p>\n<p tabindex=\"0\" style=\"text-align: justify;\"><span style=\"color: #000000;\"> Todos los poderes y organismos del Estado deber\u00e1n instrumentar la publicaci\u00f3n de sus respectivas &#8220;P\u00e1ginas Web&#8221; a los siguientes fines:\u00a0<\/span><\/p>\n<p style=\"text-align: justify;\"><span style=\"color: #000000;\"><\/span><\/p>\n<p>&nbsp;<\/p>\n<ul>\n<li tabindex=\"0\" style=\"text-align: justify;\"><span style=\"color: #000000;\"><strong>\u00a0Difusi\u00f3n de Informaci\u00f3n:\u00a0\u00a0<\/strong><\/span><span tabindex=\"0\" style=\"color: #000000;\">Estructura, integrantes, normativas de funcionamiento, proyectos, informes de gesti\u00f3n, base de datos;<\/span><span style=\"color: #000000;\"><\/span><span style=\"color: #000000;\"><\/span><\/li>\n<li tabindex=\"0\" style=\"text-align: justify;\"><span tabindex=\"0\" style=\"color: #000000;\"><strong>\u00a0Centro de Intercambio y Atenci\u00f3n al Cliente o Usuario:\u00a0<\/strong><\/span><span style=\"color: #000000;\">Consultas, quejas y sugerencias;<\/span><span tabindex=\"0\" style=\"color: #000000;\"><\/span><span style=\"color: #000000;\"><\/span><span style=\"color: #000000;\"><\/span><\/li>\n<li tabindex=\"0\" style=\"text-align: justify;\"><span tabindex=\"0\" style=\"color: #000000;\"><strong>Tr\u00e1mites o Transacciones Bilaterales:\u00a0<\/strong><\/span><span tabindex=\"0\" style=\"color: #000000;\">&#8220;La informaci\u00f3n a que hace referencia el p\u00e1rrafo anterior ser\u00e1 de libre acceso al p\u00fablico sin necesidad de petici\u00f3n previa&#8221;.<\/span><\/li>\n<\/ul>\n<p tabindex=\"0\" style=\"text-align: justify;\"><span tabindex=\"0\" style=\"color: #000000;\"><\/span><\/p>\n<p tabindex=\"0\" style=\"text-align: justify;\"><span tabindex=\"0\" style=\"color: #000000;\"><strong><em>&#8220;<\/em><\/strong><strong><em>Nuestro Portal cumple con las especificaciones contempladas en la Ley 200-04, la cual establece la actualizaci\u00f3n permanente de las informaciones ofrecidas en el mismo&#8221;.<\/em><\/strong><\/span><\/p>\n<p>[\/et_pb_text][et_pb_image src=&#8221;http:\/\/miderec.gob.do\/wp-content\/uploads\/2016\/10\/adobe-ready.png&#8221; alt=&#8221;Lector de PDF&#8221; title_text=&#8221;Lector de PDF&#8221; url=&#8221;https:\/\/get.adobe.com\/es\/reader\/&#8221; url_new_window=&#8221;on&#8221; align_tablet=&#8221;center&#8221; align_phone=&#8221;&#8221; align_last_edited=&#8221;on|desktop&#8221; admin_label=&#8221;Imagen&#8221; _builder_version=&#8221;4.16&#8243; animation_style=&#8221;slide&#8221; animation_direction=&#8221;left&#8221; animation_duration=&#8221;500ms&#8221; animation_intensity_slide=&#8221;10%&#8221; animation=&#8221;left&#8221; sticky=&#8221;off&#8221; use_border_color=&#8221;off&#8221; border_color=&#8221;#ffffff&#8221; border_style=&#8221;solid&#8221; global_colors_info=&#8221;{}&#8221;][\/et_pb_image][\/et_pb_column_inner][\/et_pb_row_inner][\/et_pb_column][\/et_pb_section]<\/p>\n","protected":false},"excerpt":{"rendered":"<p>Bienvenidos al Portal de Transparencia del Ministerio de Deportes y Recreaci\u00f3n (MIDEREC). &nbsp; En este portal interactivo hacemos disponible todo lo requerido en la Ley General de Libre Acceso a la Informaci\u00f3n P\u00fablica\u00a0 Ley 200-04 y el\u00a0 Decreto No. 130-05 que crea el reglamento de la ley.\u00a0\u00a0 &nbsp; Art\u00edculo 5.-\u00a0&#8220;Se dispone la informatizaci\u00f3n y la [&hellip;]<\/p>\n","protected":false},"author":1,"featured_media":0,"parent":0,"menu_order":0,"comment_status":"closed","ping_status":"closed","template":"","meta":{"_et_pb_use_builder":"on","_et_pb_old_content":"","_et_gb_content_width":"","_monsterinsights_skip_tracking":false,"_monsterinsights_sitenote_active":false,"_monsterinsights_sitenote_note":"","_monsterinsights_sitenote_category":0,"footnotes":""},"class_list":["post-5408","page","type-page","status-publish","hentry"],"_links":{"self":[{"href":"https:\/\/miderec.gob.do\/transparencia\/index.php?rest_route=\/wp\/v2\/pages\/5408","targetHints":{"allow":["GET"]}}],"collection":[{"href":"https:\/\/miderec.gob.do\/transparencia\/index.php?rest_route=\/wp\/v2\/pages"}],"about":[{"href":"https:\/\/miderec.gob.do\/transparencia\/index.php?rest_route=\/wp\/v2\/types\/page"}],"author":[{"embeddable":true,"href":"https:\/\/miderec.gob.do\/transparencia\/index.php?rest_route=\/wp\/v2\/users\/1"}],"replies":[{"embeddable":true,"href":"https:\/\/miderec.gob.do\/transparencia\/index.php?rest_route=%2Fwp%2Fv2%2Fcomments&post=5408"}],"version-history":[{"count":5,"href":"https:\/\/miderec.gob.do\/transparencia\/index.php?rest_route=\/wp\/v2\/pages\/5408\/revisions"}],"predecessor-version":[{"id":29523,"href":"https:\/\/miderec.gob.do\/transparencia\/index.php?rest_route=\/wp\/v2\/pages\/5408\/revisions\/29523"}],"wp:attachment":[{"href":"https:\/\/miderec.gob.do\/transparencia\/index.php?rest_route=%2Fwp%2Fv2%2Fmedia&parent=5408"}],"curies":[{"name":"wp","href":"https:\/\/api.w.org\/{rel}","templated":true}]}}